{"id":341,"date":"2022-07-20T13:25:46","date_gmt":"2022-07-20T12:25:46","guid":{"rendered":"https:\/\/galeriemorandi.infomerciale.info\/mentions-legales\/"},"modified":"2024-01-27T12:50:06","modified_gmt":"2024-01-27T11:50:06","slug":"mentions-legales","status":"publish","type":"page","link":"https:\/\/romainmorandi.com\/en\/mentions-legales\/","title":{"rendered":"Legal notice"},"content":{"rendered":"\n<p>Copyright 2022<br>Galerie Romain Morandi<br>18 rue Gu\u00e9n\u00e9gaud 75006 Paris<br>TVA FR95917844615<\/p>\n\n\n\n<p>Cr\u00e9ation graphique : Th\u00e9o Alran<br>Site Internet : Yumea.fr<\/p>\n","protected":false},"excerpt":{"rendered":"<p>Copyright 2022Galerie Romain Morandi18 rue Gu\u00e9n\u00e9gaud 75006 ParisTVA FR95917844615 Cr\u00e9ation graphique : Th\u00e9o AlranSite Internet : Yumea.fr<\/p>\n","protected":false},"author":1,"featured_media":0,"parent":0,"menu_order":0,"comment_status":"closed","ping_status":"closed","template":"tpl_customdefault.php","meta":{"_acf_changed":false,"_seopress_robots_primary_cat":"","_seopress_titles_title":"Legal notice","_seopress_titles_desc":"","_seopress_robots_index":"","footnotes":""},"class_list":["post-341","page","type-page","status-publish","hentry","entry"],"acf":[],"_links":{"self":[{"href":"https:\/\/romainmorandi.com\/en\/wp-json\/wp\/v2\/pages\/341","targetHints":{"allow":["GET"]}}],"collection":[{"href":"https:\/\/romainmorandi.com\/en\/wp-json\/wp\/v2\/pages"}],"about":[{"href":"https:\/\/romainmorandi.com\/en\/wp-json\/wp\/v2\/types\/page"}],"author":[{"embeddable":true,"href":"https:\/\/romainmorandi.com\/en\/wp-json\/wp\/v2\/users\/1"}],"replies":[{"embeddable":true,"href":"https:\/\/romainmorandi.com\/en\/wp-json\/wp\/v2\/comments?post=341"}],"version-history":[{"count":5,"href":"https:\/\/romainmorandi.com\/en\/wp-json\/wp\/v2\/pages\/341\/revisions"}],"predecessor-version":[{"id":10300,"href":"https:\/\/romainmorandi.com\/en\/wp-json\/wp\/v2\/pages\/341\/revisions\/10300"}],"wp:attachment":[{"href":"https:\/\/romainmorandi.com\/en\/wp-json\/wp\/v2\/media?parent=341"}],"curies":[{"name":"wp","href":"https:\/\/api.w.org\/{rel}","templated":true}]}}